{"id":98,"date":"2023-03-18T13:43:15","date_gmt":"2023-03-18T13:43:15","guid":{"rendered":"http:\/\/www.ozbekmineral.com\/?page_id=98"},"modified":"2023-03-18T13:43:16","modified_gmt":"2023-03-18T13:43:16","slug":"sirlik-kalsit-2","status":"publish","type":"page","link":"http:\/\/www.ozbekmineral.com\/index.php\/sirlik-kalsit-2\/","title":{"rendered":"S\u0131rl\u0131k Kalsit"},"content":{"rendered":"\n<p>SIRLIK KALS\u0130T (Kalsiyum Karbonat)<\/p>\n\n\n\n<p>CaCO3 kimyasal yap\u0131s\u0131na sahip olan kalsit, seramik s\u0131rlar\u0131nda CaO kayna\u011f\u0131 olarak kullan\u0131l\u0131r. Ayn\u0131 zamanda \u00f6ncelikle ka\u011f\u0131t, boya, lastik ve plastik \u00fcretiminde dolgu ve kaplama malzemesi olarak kullan\u0131l\u0131r.<\/p>\n\n\n\n<p>Beyazl\u0131k Derecesi: Standart MgO beyazl\u0131\u011f\u0131 ile kar\u015f\u0131la\u015ft\u0131r\u0131lmas\u0131 sonucu elde edilen bir de\u011fer olup malzemenin \u0131\u015f\u0131\u011f\u0131 yans\u0131t\u0131c\u0131l\u0131\u011f\u0131n\u0131n %\u2019sidir. Bu de\u011fer kalsit i\u00e7in % 96-100, mermer i\u00e7in % 96 ve tebe\u015fir i\u00e7in % 93-96 olmal\u0131d\u0131r. Ka\u011f\u0131t ve beyazl\u0131\u011f\u0131n \u00f6nemli oldu\u011fu sanayi dallar\u0131nda aran\u0131r bir \u00f6zelliktir.<br>Kalsit 60 mikron<br>CAS-No. : &nbsp;471-34-1<br>ChemSpider ID: &nbsp;&nbsp; &nbsp;None<br>Molek\u00fcler Form\u00fcl\u00fc: De\u011fi\u015fken<br>Ph: 10.32<br>Nem : %4.1<br>Degree of substitution DS-DS : &nbsp;&nbsp; &nbsp;0.51<br>\u00c7\u00f6z\u00fcn\u00fcrl\u00fck : Suda \u00e7\u00f6z\u00fcn\u00fcr<br>Viskozite(CP) : 45<br>G\u00f6r\u00fcn\u00fcm : \u0130nce Beyaz Toz<br>Koku : &nbsp;&nbsp; &nbsp;Kokusuz<br>Yo\u011funluk : 2,711 g\/cm3(kalsit)- 2,83 g\/cm3(aragonit)<br>Erime noktas\u0131 : 1339 oC (Kalsit)- 825 oC(Aragonit)<br>Kaynama Noktas\u0131 : Par\u00e7alan\u0131r<br>\u00c7\u00f6z\u00fcn\u00fcrl\u00fck (Su i\u00e7inde) : 0.013 g\/L (25 oC)<br>\u00c7\u00f6z\u00fcn\u00fcrl\u00fck(suland\u0131r\u0131lm\u0131\u015f asit i\u00e7inde) : \u00c7\u00f6z\u00fcn\u00fcr<br>Asitlik : 9<\/p>\n","protected":false},"excerpt":{"rendered":"<p>SIRLIK KALS\u0130T (Kalsiyum Karbonat) CaCO3 kimyasal yap\u0131s\u0131na sahip olan kalsit, seramik s\u0131rlar\u0131nda CaO kayna\u011f\u0131 olarak kullan\u0131l\u0131r. Ayn\u0131 zamanda \u00f6ncelikle ka\u011f\u0131t, boya, lastik ve plastik \u00fcretiminde dolgu ve kaplama malzemesi olarak kullan\u0131l\u0131r. Beyazl\u0131k Derecesi: Standart MgO beyazl\u0131\u011f\u0131 ile kar\u015f\u0131la\u015ft\u0131r\u0131lmas\u0131 sonucu elde edilen bir de\u011fer olup malzemenin \u0131\u015f\u0131\u011f\u0131 yans\u0131t\u0131c\u0131l\u0131\u011f\u0131n\u0131n %\u2019sidir. Bu de\u011fer kalsit i\u00e7in % 96-100, mermer [&hellip;]<\/p>\n","protected":false},"author":1,"featured_media":0,"parent":0,"menu_order":0,"comment_status":"closed","ping_status":"closed","template":"","meta":{"footnotes":""},"class_list":["post-98","page","type-page","status-publish","hentry"],"_links":{"self":[{"href":"http:\/\/www.ozbekmineral.com\/index.php\/wp-json\/wp\/v2\/pages\/98","targetHints":{"allow":["GET"]}}],"collection":[{"href":"http:\/\/www.ozbekmineral.com\/index.php\/wp-json\/wp\/v2\/pages"}],"about":[{"href":"http:\/\/www.ozbekmineral.com\/index.php\/wp-json\/wp\/v2\/types\/page"}],"author":[{"embeddable":true,"href":"http:\/\/www.ozbekmineral.com\/index.php\/wp-json\/wp\/v2\/users\/1"}],"replies":[{"embeddable":true,"href":"http:\/\/www.ozbekmineral.com\/index.php\/wp-json\/wp\/v2\/comments?post=98"}],"version-history":[{"count":1,"href":"http:\/\/www.ozbekmineral.com\/index.php\/wp-json\/wp\/v2\/pages\/98\/revisions"}],"predecessor-version":[{"id":99,"href":"http:\/\/www.ozbekmineral.com\/index.php\/wp-json\/wp\/v2\/pages\/98\/revisions\/99"}],"wp:attachment":[{"href":"http:\/\/www.ozbekmineral.com\/index.php\/wp-json\/wp\/v2\/media?parent=98"}],"curies":[{"name":"wp","href":"https:\/\/api.w.org\/{rel}","templated":true}]}}