{"id":9,"date":"2023-03-16T13:08:59","date_gmt":"2023-03-16T13:08:59","guid":{"rendered":"http:\/\/www.ozbekmineral.com\/?page_id=9"},"modified":"2023-03-23T08:11:55","modified_gmt":"2023-03-23T08:11:55","slug":"hakkimizda","status":"publish","type":"page","link":"http:\/\/www.ozbekmineral.com\/index.php\/hakkimizda\/","title":{"rendered":"Hakk\u0131m\u0131zda"},"content":{"rendered":"\n<p>\u00d6zbek Mineral Madencilik olarak 2017 y\u0131l\u0131ndan itibaren faaliyet g\u00f6stermekteyiz. \u015eirketimiz end\u00fcstriyel hammaddeler konusunda \u00e7al\u0131\u015fmakta olup firmalar\u0131n talepleri do\u011frultusunda uygun hammadde tedari\u011fi sa\u011flamaktad\u0131r.<\/p>\n\n\n\n<p>Genel ama\u00e7l\u0131 kullan\u0131m oldu\u011fu gibi Seramik s\u0131rlama, Engop ve porselen \u00fcretiminde de kullan\u0131lan \u00f6zel ama\u00e7l\u0131 Kaolen \u00fcretimleri yapmaktay\u0131z.<\/p>\n\n\n\n<p>Firma b\u00fcnyesinde farkl\u0131 bir\u00e7ok mikronize mineral \u00fcretimi yap\u0131lmaktad\u0131r.<\/p>\n","protected":false},"excerpt":{"rendered":"<p>\u00d6zbek Mineral Madencilik olarak 2017 y\u0131l\u0131ndan itibaren faaliyet g\u00f6stermekteyiz. \u015eirketimiz end\u00fcstriyel hammaddeler konusunda \u00e7al\u0131\u015fmakta olup firmalar\u0131n talepleri do\u011frultusunda uygun hammadde tedari\u011fi sa\u011flamaktad\u0131r. Genel ama\u00e7l\u0131 kullan\u0131m oldu\u011fu gibi Seramik s\u0131rlama, Engop ve porselen \u00fcretiminde de kullan\u0131lan \u00f6zel ama\u00e7l\u0131 Kaolen \u00fcretimleri yapmaktay\u0131z. Firma b\u00fcnyesinde farkl\u0131 bir\u00e7ok mikronize mineral \u00fcretimi yap\u0131lmaktad\u0131r.<\/p>\n","protected":false},"author":1,"featured_media":0,"parent":0,"menu_order":0,"comment_status":"closed","ping_status":"closed","template":"","meta":{"footnotes":""},"class_list":["post-9","page","type-page","status-publish","hentry"],"_links":{"self":[{"href":"http:\/\/www.ozbekmineral.com\/index.php\/wp-json\/wp\/v2\/pages\/9","targetHints":{"allow":["GET"]}}],"collection":[{"href":"http:\/\/www.ozbekmineral.com\/index.php\/wp-json\/wp\/v2\/pages"}],"about":[{"href":"http:\/\/www.ozbekmineral.com\/index.php\/wp-json\/wp\/v2\/types\/page"}],"author":[{"embeddable":true,"href":"http:\/\/www.ozbekmineral.com\/index.php\/wp-json\/wp\/v2\/users\/1"}],"replies":[{"embeddable":true,"href":"http:\/\/www.ozbekmineral.com\/index.php\/wp-json\/wp\/v2\/comments?post=9"}],"version-history":[{"count":3,"href":"http:\/\/www.ozbekmineral.com\/index.php\/wp-json\/wp\/v2\/pages\/9\/revisions"}],"predecessor-version":[{"id":202,"href":"http:\/\/www.ozbekmineral.com\/index.php\/wp-json\/wp\/v2\/pages\/9\/revisions\/202"}],"wp:attachment":[{"href":"http:\/\/www.ozbekmineral.com\/index.php\/wp-json\/wp\/v2\/media?parent=9"}],"curies":[{"name":"wp","href":"https:\/\/api.w.org\/{rel}","templated":true}]}}