{"id":102,"date":"2023-03-18T13:48:51","date_gmt":"2023-03-18T13:48:51","guid":{"rendered":"http:\/\/www.ozbekmineral.com\/?page_id=102"},"modified":"2023-03-18T13:48:52","modified_gmt":"2023-03-18T13:48:52","slug":"kaolen-2","status":"publish","type":"page","link":"http:\/\/www.ozbekmineral.com\/index.php\/kaolen-2\/","title":{"rendered":"Kaolen"},"content":{"rendered":"\n<p> <p><strong>Kaolen (Kaolin):<\/strong>\u00a0Kaolen hammaddesini olu\u015fturan en \u00f6nemli mineral kaolinit olup, al\u00fcminyum hidrosilikat bile\u015fimli bir kil mineralidir. Kristal yap\u0131lar\u0131na g\u00f6re yap\u0131lan kil s\u0131n\u0131fland\u0131rmalar\u0131nda, e\u015f boyutlu ve bir y\u00f6nde uzam\u0131\u015f olanlar kaolinit grubu olarak di\u011ferlerinden ayr\u0131lmaktad\u0131r. Olu\u015fum itibariyle, feldspat i\u00e7eren granitik veya volkanik kaya\u00e7lar\u0131n altere olarak kaolinit mineraline d\u00f6n\u00fc\u015fmesi sonucu kaolenler olu\u015fmaktad\u0131r.<\/p>   <p><strong>Kimyasal Form\u00fcl\u00fc:<\/strong>\u00a0Al<sub>2<\/sub>O<sub>3<\/sub>.2SiO<sub>2<\/sub>.2H<sub>2<\/sub>O<\/p>   <p><strong>Kullan\u0131m Alanlar\u0131:<\/strong>\u00a0Cam elyaf, seramik, boya, plastik, refrakter, porselen, cam y\u00fcn\u00fc, frit, kaynak elektrodu, ila\u00e7 ve kimya sanayi, \u00e7imento, ka\u011f\u0131t, izolat\u00f6r.<\/p> <\/p>\n","protected":false},"excerpt":{"rendered":"<p>Kaolen (Kaolin):\u00a0Kaolen hammaddesini olu\u015fturan en \u00f6nemli mineral kaolinit olup, al\u00fcminyum hidrosilikat bile\u015fimli bir kil mineralidir. Kristal yap\u0131lar\u0131na g\u00f6re yap\u0131lan kil s\u0131n\u0131fland\u0131rmalar\u0131nda, e\u015f boyutlu ve bir y\u00f6nde uzam\u0131\u015f olanlar kaolinit grubu olarak di\u011ferlerinden ayr\u0131lmaktad\u0131r. Olu\u015fum itibariyle, feldspat i\u00e7eren granitik veya volkanik kaya\u00e7lar\u0131n altere olarak kaolinit mineraline d\u00f6n\u00fc\u015fmesi sonucu kaolenler olu\u015fmaktad\u0131r. Kimyasal Form\u00fcl\u00fc:\u00a0Al2O3.2SiO2.2H2O Kullan\u0131m Alanlar\u0131:\u00a0Cam elyaf, seramik, [&hellip;]<\/p>\n","protected":false},"author":1,"featured_media":0,"parent":0,"menu_order":0,"comment_status":"closed","ping_status":"closed","template":"","meta":{"footnotes":""},"class_list":["post-102","page","type-page","status-publish","hentry"],"_links":{"self":[{"href":"http:\/\/www.ozbekmineral.com\/index.php\/wp-json\/wp\/v2\/pages\/102","targetHints":{"allow":["GET"]}}],"collection":[{"href":"http:\/\/www.ozbekmineral.com\/index.php\/wp-json\/wp\/v2\/pages"}],"about":[{"href":"http:\/\/www.ozbekmineral.com\/index.php\/wp-json\/wp\/v2\/types\/page"}],"author":[{"embeddable":true,"href":"http:\/\/www.ozbekmineral.com\/index.php\/wp-json\/wp\/v2\/users\/1"}],"replies":[{"embeddable":true,"href":"http:\/\/www.ozbekmineral.com\/index.php\/wp-json\/wp\/v2\/comments?post=102"}],"version-history":[{"count":1,"href":"http:\/\/www.ozbekmineral.com\/index.php\/wp-json\/wp\/v2\/pages\/102\/revisions"}],"predecessor-version":[{"id":103,"href":"http:\/\/www.ozbekmineral.com\/index.php\/wp-json\/wp\/v2\/pages\/102\/revisions\/103"}],"wp:attachment":[{"href":"http:\/\/www.ozbekmineral.com\/index.php\/wp-json\/wp\/v2\/media?parent=102"}],"curies":[{"name":"wp","href":"https:\/\/api.w.org\/{rel}","templated":true}]}}