{"id":10,"date":"2023-03-16T13:08:59","date_gmt":"2023-03-16T13:08:59","guid":{"rendered":"http:\/\/www.ozbekmineral.com\/?page_id=10"},"modified":"2025-03-05T12:02:51","modified_gmt":"2025-03-05T12:02:51","slug":"bize-ulasin","status":"publish","type":"page","link":"http:\/\/www.ozbekmineral.com\/index.php\/bize-ulasin\/","title":{"rendered":"Bize ula\u015f\u0131n"},"content":{"rendered":"\n<p>Muttalip Sanayi b\u00f6lgesi 2.Sokak No:4 <\/p>\n\n\n\n<p>Tepeba\u015f\u0131\/ESK\u0130\u015eEH\u0130R<\/p>\n\n\n\n<div class=\"wp-block-columns is-layout-flex wp-container-core-columns-is-layout-2 wp-block-columns-is-layout-flex\">\n<div class=\"wp-block-column is-layout-flow wp-block-column-is-layout-flow\" style=\"flex-basis:100%\">\n<div class=\"wp-block-columns is-layout-flex wp-container-core-columns-is-layout-1 wp-block-columns-is-layout-flex\">\n<div class=\"wp-block-column is-layout-flow wp-block-column-is-layout-flow\" style=\"flex-basis:100%\">\n<p>E-mail: ozbekmineralmadencilik@gmail.com<\/p>\n<\/div>\n<\/div>\n<\/div>\n<\/div>\n\n\n<p><iframe loading=\"lazy\" src=\"https:\/\/www.google.com\/maps\/d\/embed?mid=14ZvqPPybluYuRbba7XdF2l8CXM7K-ac&amp;ehbc=2E312F\" width=\"640\" height=\"480\"><\/iframe><\/p>","protected":false},"excerpt":{"rendered":"<p>Muttalip Sanayi b\u00f6lgesi 2.Sokak No:4 Tepeba\u015f\u0131\/ESK\u0130\u015eEH\u0130R E-mail: ozbekmineralmadencilik@gmail.com<\/p>\n","protected":false},"author":1,"featured_media":0,"parent":0,"menu_order":0,"comment_status":"closed","ping_status":"closed","template":"","meta":{"footnotes":""},"class_list":["post-10","page","type-page","status-publish","hentry"],"_links":{"self":[{"href":"http:\/\/www.ozbekmineral.com\/index.php\/wp-json\/wp\/v2\/pages\/10","targetHints":{"allow":["GET"]}}],"collection":[{"href":"http:\/\/www.ozbekmineral.com\/index.php\/wp-json\/wp\/v2\/pages"}],"about":[{"href":"http:\/\/www.ozbekmineral.com\/index.php\/wp-json\/wp\/v2\/types\/page"}],"author":[{"embeddable":true,"href":"http:\/\/www.ozbekmineral.com\/index.php\/wp-json\/wp\/v2\/users\/1"}],"replies":[{"embeddable":true,"href":"http:\/\/www.ozbekmineral.com\/index.php\/wp-json\/wp\/v2\/comments?post=10"}],"version-history":[{"count":12,"href":"http:\/\/www.ozbekmineral.com\/index.php\/wp-json\/wp\/v2\/pages\/10\/revisions"}],"predecessor-version":[{"id":234,"href":"http:\/\/www.ozbekmineral.com\/index.php\/wp-json\/wp\/v2\/pages\/10\/revisions\/234"}],"wp:attachment":[{"href":"http:\/\/www.ozbekmineral.com\/index.php\/wp-json\/wp\/v2\/media?parent=10"}],"curies":[{"name":"wp","href":"https:\/\/api.w.org\/{rel}","templated":true}]}}